{"id":160,"date":"2025-02-28T03:17:29","date_gmt":"2025-02-28T02:17:29","guid":{"rendered":"https:\/\/dressteam.es\/?page_id=160"},"modified":"2025-03-17T15:19:00","modified_gmt":"2025-03-17T14:19:00","slug":"servicios","status":"publish","type":"page","link":"https:\/\/dressteam.es\/en\/servicios\/","title":{"rendered":"Services"},"content":{"rendered":"<div data-elementor-type=\"wp-page\" data-elementor-id=\"160\" class=\"elementor elementor-160\" data-elementor-post-type=\"page\">\n\t\t\t\t<div class=\"elementor-element elementor-element-76a2ceb5 e-flex e-con-boxed e-con e-parent\" data-id=\"76a2ceb5\" data-element_type=\"container\" data-e-type=\"container\" data-settings=\"{&quot;background_background&quot;:&quot;classic&quot;}\">\n\t\t\t\t\t<div class=\"e-con-inner\">\n\t\t<div class=\"elementor-element elementor-element-2276f8c4 e-con-full e-flex e-con e-child\" data-id=\"2276f8c4\" data-element_type=\"container\" data-e-type=\"container\">\n\t\t\t\t<\/div>\n\t\t<div class=\"elementor-element elementor-element-2b9c786d e-con-full e-flex e-con e-child\" data-id=\"2b9c786d\" data-element_type=\"container\" data-e-type=\"container\">\n\t\t\t\t<div class=\"elementor-element elementor-element-5eeaff10 elementor-widget elementor-widget-image\" data-id=\"5eeaff10\" data-element_type=\"widget\" data-e-type=\"widget\" data-widget_type=\"image.default\">\n\t\t\t\t<div class=\"elementor-widget-container\">\n\t\t\t\t\t\t\t\t\t\t\t\t\t\t\t<img fetchpriority=\"high\" decoding=\"async\" width=\"868\" height=\"300\" src=\"https:\/\/dressteam.es\/wp-content\/uploads\/2025\/02\/testimonials-banner-1-1.jpg\" class=\"attachment-full size-full wp-image-71\" alt=\"\" srcset=\"https:\/\/dressteam.es\/wp-content\/uploads\/2025\/02\/testimonials-banner-1-1.jpg 868w, https:\/\/dressteam.es\/wp-content\/uploads\/2025\/02\/testimonials-banner-1-1-300x104.jpg 300w, https:\/\/dressteam.es\/wp-content\/uploads\/2025\/02\/testimonials-banner-1-1-768x265.jpg 768w, https:\/\/dressteam.es\/wp-content\/uploads\/2025\/02\/testimonials-banner-1-1-600x207.jpg 600w\" sizes=\"(max-width: 868px) 100vw, 868px\" \/>\t\t\t\t\t\t\t\t\t\t\t\t\t\t\t<\/div>\n\t\t\t\t<\/div>\n\t\t\t\t<\/div>\n\t\t\t\t\t<\/div>\n\t\t\t\t<\/div>\n\t\t<div class=\"elementor-element elementor-element-fac6ffb e-flex e-con-boxed e-con e-parent\" data-id=\"fac6ffb\" data-element_type=\"container\" data-e-type=\"container\">\n\t\t\t\t\t<div class=\"e-con-inner\">\n\t\t<div class=\"elementor-element elementor-element-78395cc9 e-con-full e-flex e-con e-child\" data-id=\"78395cc9\" data-element_type=\"container\" data-e-type=\"container\">\n\t\t\t\t<div class=\"elementor-element elementor-element-33f6f6a1 elementor-widget elementor-widget-heading\" data-id=\"33f6f6a1\" data-element_type=\"widget\" data-e-type=\"widget\" data-widget_type=\"heading.default\">\n\t\t\t\t<div class=\"elementor-widget-container\">\n\t\t\t\t\t<h2 class=\"elementor-heading-title elementor-size-default\">Our Services<\/h2>\t\t\t\t<\/div>\n\t\t\t\t<\/div>\n\t\t\t\t<div class=\"elementor-element elementor-element-a3e951a elementor-invisible elementor-widget elementor-widget-heading\" data-id=\"a3e951a\" data-element_type=\"widget\" data-e-type=\"widget\" data-settings=\"{&quot;_animation&quot;:&quot;fadeIn&quot;,&quot;_animation_delay&quot;:400}\" data-widget_type=\"heading.default\">\n\t\t\t\t<div class=\"elementor-widget-container\">\n\t\t\t\t\t<h6 class=\"elementor-heading-title elementor-size-default\">From the idea to the clothing, with quality and precision.<\/h6>\t\t\t\t<\/div>\n\t\t\t\t<\/div>\n\t\t\t\t<div class=\"elementor-element elementor-element-2690caa6 elementor-invisible elementor-widget elementor-widget-heading\" data-id=\"2690caa6\" data-element_type=\"widget\" data-e-type=\"widget\" data-settings=\"{&quot;_animation&quot;:&quot;fadeIn&quot;,&quot;_animation_delay&quot;:600}\" data-widget_type=\"heading.default\">\n\t\t\t\t<div class=\"elementor-widget-container\">\n\t\t\t\t\t<h3 class=\"elementor-heading-title elementor-size-default\">Our services in the garment<\/h3>\t\t\t\t<\/div>\n\t\t\t\t<\/div>\n\t\t\t\t<\/div>\n\t\t\t\t\t<\/div>\n\t\t\t\t<\/div>\n\t\t<div class=\"elementor-element elementor-element-32f1b617 e-flex e-con-boxed e-con e-parent\" data-id=\"32f1b617\" data-element_type=\"container\" data-e-type=\"container\">\n\t\t\t\t\t<div class=\"e-con-inner\">\n\t\t<div class=\"elementor-element elementor-element-2713365e e-con-full e-flex e-con e-child\" data-id=\"2713365e\" data-element_type=\"container\" data-e-type=\"container\">\n\t\t\t\t<div class=\"elementor-element elementor-element-604f9af3 elementor-invisible elementor-widget elementor-widget-text-editor\" data-id=\"604f9af3\" data-element_type=\"widget\" data-e-type=\"widget\" data-settings=\"{&quot;_animation&quot;:&quot;fadeIn&quot;,&quot;_animation_delay&quot;:800}\" data-widget_type=\"text-editor.default\">\n\t\t\t\t<div class=\"elementor-widget-container\">\n\t\t\t\t\t\t\t\t\t<p>In <strong data-start=\"160\" data-end=\"177\">DRESS TEAM SL<\/strong>we offer complete solutions for brands and designers that are looking for a reliable supplier. Since the development of the design through to final production, we guarantee quality, accuracy, and compliance in each garment.<\/p>\t\t\t\t\t\t\t\t<\/div>\n\t\t\t\t<\/div>\n\t\t\t\t<\/div>\n\t\t\t\t\t<\/div>\n\t\t\t\t<\/div>\n\t\t<div class=\"elementor-element elementor-element-33eb0de5 e-flex e-con-boxed e-con e-parent\" data-id=\"33eb0de5\" data-element_type=\"container\" data-e-type=\"container\">\n\t\t\t\t\t<div class=\"e-con-inner\">\n\t\t<div class=\"elementor-element elementor-element-3f1e5b0a e-con-full e-flex elementor-invisible e-con e-child\" data-id=\"3f1e5b0a\" data-element_type=\"container\" data-e-type=\"container\" data-settings=\"{&quot;animation&quot;:&quot;fadeInLeft&quot;}\">\n\t\t\t\t<div class=\"elementor-element elementor-element-3f268aff elementor-widget elementor-widget-image\" data-id=\"3f268aff\" data-element_type=\"widget\" data-e-type=\"widget\" data-widget_type=\"image.default\">\n\t\t\t\t<div class=\"elementor-widget-container\">\n\t\t\t\t\t\t\t\t\t\t\t\t\t\t\t<img decoding=\"async\" width=\"499\" height=\"730\" src=\"https:\/\/dressteam.es\/wp-content\/uploads\/2025\/03\/Captura-de-pantalla-2025-02-17-082553.png\" class=\"attachment-full size-full wp-image-214\" alt=\"\" srcset=\"https:\/\/dressteam.es\/wp-content\/uploads\/2025\/03\/Captura-de-pantalla-2025-02-17-082553.png 499w, https:\/\/dressteam.es\/wp-content\/uploads\/2025\/03\/Captura-de-pantalla-2025-02-17-082553-205x300.png 205w\" sizes=\"(max-width: 499px) 100vw, 499px\" \/>\t\t\t\t\t\t\t\t\t\t\t\t\t\t\t<\/div>\n\t\t\t\t<\/div>\n\t\t\t\t<\/div>\n\t\t<div class=\"elementor-element elementor-element-7d93cd3f e-con-full e-flex elementor-invisible e-con e-child\" data-id=\"7d93cd3f\" data-element_type=\"container\" data-e-type=\"container\" data-settings=\"{&quot;animation&quot;:&quot;fadeInRight&quot;}\">\n\t\t\t\t<div class=\"elementor-element elementor-element-7c19841c elementor-widget elementor-widget-elementskit-accordion\" data-id=\"7c19841c\" data-element_type=\"widget\" data-e-type=\"widget\" data-widget_type=\"elementskit-accordion.default\">\n\t\t\t\t<div class=\"elementor-widget-container\">\n\t\t\t\t\t<div class=\"ekit-wid-con\" >\n        <div class=\"elementskit-accordion accoedion-primary\" id=\"accordion-6a06ea27d3b5a\">\n\n            \n                <div class=\"elementskit-card active\">\n                    <div class=\"elementskit-card-header\" id=\"primaryHeading-0-7c19841c\">\n                        <a href=\"#collapse-9d2322d6a06ea27d3b5a\" class=\"ekit-accordion--toggler elementskit-btn-link collapsed\" data-ekit-toggle=\"collapse\" data-target=\"#Collapse-9d2322d6a06ea27d3b5a\" aria-expanded=\"true\" aria-controls=\"Collapse-9d2322d6a06ea27d3b5a\">\n                            \n                            <span class=\"ekit-accordion-title\">Design and development of patterns<\/span>\n\n                            \n                                <div class=\"ekit_accordion_icon_group\">\n                                    <div class=\"ekit_accordion_normal_icon\">\n                                        <!-- Normal Icon -->\n\t\t\t\t\t\t\t\t\t\t<i class=\"icon icon-down-arrow1\"><\/i>                                    <\/div>\n\n                                    <div class=\"ekit_accordion_active_icon\">\n                                        <!-- Active Icon -->\n\t\t\t\t\t\t\t\t\t\t<i class=\"icon icon-up-arrow1\"><\/i>                                    <\/div>\n                                <\/div>\n\n                            \n                                                    <\/a>\n                    <\/div>\n\n                    <div id=\"Collapse-9d2322d6a06ea27d3b5a\" class=\"show collapse\" aria-labelledby=\"primaryHeading-0-7c19841c\" data-parent=\"#accordion-6a06ea27d3b5a\">\n\n                        <div class=\"elementskit-card-body ekit-accordion--content\">\n                            <p>We transform your ideas into patterns ready for production, ensuring that each design to be a perfect fit. We work with precision to ensure that the structure of each garment meets the expectations of style, comfort and functionality.<\/p><p>\u00a0<\/p>                        <\/div>\n\n                    <\/div>\n\n                <\/div><!-- .elementskit-card END -->\n\n                \n                <div class=\"elementskit-card\">\n                    <div class=\"elementskit-card-header\" id=\"primaryHeading-1-7c19841c\">\n                        <a href=\"#collapse-69dc0a46a06ea27d3b5a\" class=\"ekit-accordion--toggler elementskit-btn-link collapsed\" data-ekit-toggle=\"collapse\" data-target=\"#Collapse-69dc0a46a06ea27d3b5a\" aria-expanded=\"false\" aria-controls=\"Collapse-69dc0a46a06ea27d3b5a\">\n                            \n                            <span class=\"ekit-accordion-title\">Selection of fabrics and accessories<\/span>\n\n                            \n                                <div class=\"ekit_accordion_icon_group\">\n                                    <div class=\"ekit_accordion_normal_icon\">\n                                        <!-- Normal Icon -->\n\t\t\t\t\t\t\t\t\t\t<i class=\"icon icon-down-arrow1\"><\/i>                                    <\/div>\n\n                                    <div class=\"ekit_accordion_active_icon\">\n                                        <!-- Active Icon -->\n\t\t\t\t\t\t\t\t\t\t<i class=\"icon icon-up-arrow1\"><\/i>                                    <\/div>\n                                <\/div>\n\n                            \n                                                    <\/a>\n                    <\/div>\n\n                    <div id=\"Collapse-69dc0a46a06ea27d3b5a\" class=\"collapse\" aria-labelledby=\"primaryHeading-1-7c19841c\" data-parent=\"#accordion-6a06ea27d3b5a\">\n\n                        <div class=\"elementskit-card-body ekit-accordion--content\">\n                            <p>We performed a comprehensive study to select the best materials for each design, adapting to the needs and trends of the market. From high quality fabrics to accessories more exclusive, we ensure that each item&#039;s contribution to the style and durability of the garment.<\/p>                        <\/div>\n\n                    <\/div>\n\n                <\/div><!-- .elementskit-card END -->\n\n                \n                <div class=\"elementskit-card\">\n                    <div class=\"elementskit-card-header\" id=\"primaryHeading-2-7c19841c\">\n                        <a href=\"#collapse-44b43e66a06ea27d3b5a\" class=\"ekit-accordion--toggler elementskit-btn-link collapsed\" data-ekit-toggle=\"collapse\" data-target=\"#Collapse-44b43e66a06ea27d3b5a\" aria-expanded=\"false\" aria-controls=\"Collapse-44b43e66a06ea27d3b5a\">\n                            \n                            <span class=\"ekit-accordion-title\">Scaling sizes<\/span>\n\n                            \n                                <div class=\"ekit_accordion_icon_group\">\n                                    <div class=\"ekit_accordion_normal_icon\">\n                                        <!-- Normal Icon -->\n\t\t\t\t\t\t\t\t\t\t<i class=\"icon icon-down-arrow1\"><\/i>                                    <\/div>\n\n                                    <div class=\"ekit_accordion_active_icon\">\n                                        <!-- Active Icon -->\n\t\t\t\t\t\t\t\t\t\t<i class=\"icon icon-up-arrow1\"><\/i>                                    <\/div>\n                                <\/div>\n\n                            \n                                                    <\/a>\n                    <\/div>\n\n                    <div id=\"Collapse-44b43e66a06ea27d3b5a\" class=\"collapse\" aria-labelledby=\"primaryHeading-2-7c19841c\" data-parent=\"#accordion-6a06ea27d3b5a\">\n\n                        <div class=\"elementskit-card-body ekit-accordion--content\">\n                            <p>We tailor each design to a wide variety of sizes, ensuring that every garment has the same perfect fit, regardless of size. Our escalation process is precise and careful, ensuring that the garment will keep its shape and design in all sizes.<\/p>                        <\/div>\n\n                    <\/div>\n\n                <\/div><!-- .elementskit-card END -->\n\n                \n                <div class=\"elementskit-card\">\n                    <div class=\"elementskit-card-header\" id=\"primaryHeading-3-7c19841c\">\n                        <a href=\"#collapse-b5672136a06ea27d3b5a\" class=\"ekit-accordion--toggler elementskit-btn-link collapsed\" data-ekit-toggle=\"collapse\" data-target=\"#Collapse-b5672136a06ea27d3b5a\" aria-expanded=\"false\" aria-controls=\"Collapse-b5672136a06ea27d3b5a\">\n                            \n                            <span class=\"ekit-accordion-title\">Production and manufacturing<\/span>\n\n                            \n                                <div class=\"ekit_accordion_icon_group\">\n                                    <div class=\"ekit_accordion_normal_icon\">\n                                        <!-- Normal Icon -->\n\t\t\t\t\t\t\t\t\t\t<i class=\"icon icon-down-arrow1\"><\/i>                                    <\/div>\n\n                                    <div class=\"ekit_accordion_active_icon\">\n                                        <!-- Active Icon -->\n\t\t\t\t\t\t\t\t\t\t<i class=\"icon icon-up-arrow1\"><\/i>                                    <\/div>\n                                <\/div>\n\n                            \n                                                    <\/a>\n                    <\/div>\n\n                    <div id=\"Collapse-b5672136a06ea27d3b5a\" class=\"collapse\" aria-labelledby=\"primaryHeading-3-7c19841c\" data-parent=\"#accordion-6a06ea27d3b5a\">\n\n                        <div class=\"elementskit-card-body ekit-accordion--content\">\n                            <p>We carry out the manufacture of garments with advanced techniques and latest machinery, ensuring an efficient process and high quality results. From the making of garments basic to complex parts, we make sure that every piece meets the highest quality standards.<\/p>                        <\/div>\n\n                    <\/div>\n\n                <\/div><!-- .elementskit-card END -->\n\n                \n                <div class=\"elementskit-card\">\n                    <div class=\"elementskit-card-header\" id=\"primaryHeading-4-7c19841c\">\n                        <a href=\"#collapse-5b4a8c16a06ea27d3b5a\" class=\"ekit-accordion--toggler elementskit-btn-link collapsed\" data-ekit-toggle=\"collapse\" data-target=\"#Collapse-5b4a8c16a06ea27d3b5a\" aria-expanded=\"false\" aria-controls=\"Collapse-5b4a8c16a06ea27d3b5a\">\n                            \n                            <span class=\"ekit-accordion-title\">Quality Control<\/span>\n\n                            \n                                <div class=\"ekit_accordion_icon_group\">\n                                    <div class=\"ekit_accordion_normal_icon\">\n                                        <!-- Normal Icon -->\n\t\t\t\t\t\t\t\t\t\t<i class=\"icon icon-down-arrow1\"><\/i>                                    <\/div>\n\n                                    <div class=\"ekit_accordion_active_icon\">\n                                        <!-- Active Icon -->\n\t\t\t\t\t\t\t\t\t\t<i class=\"icon icon-up-arrow1\"><\/i>                                    <\/div>\n                                <\/div>\n\n                            \n                                                    <\/a>\n                    <\/div>\n\n                    <div id=\"Collapse-5b4a8c16a06ea27d3b5a\" class=\"collapse\" aria-labelledby=\"primaryHeading-4-7c19841c\" data-parent=\"#accordion-6a06ea27d3b5a\">\n\n                        <div class=\"elementskit-card-body ekit-accordion--content\">\n                            <p>Each garment goes through a rigorous quality control to ensure that it meets the standards of durability, finish and accuracy. We inspect every detail, from the stitching to the finishes, to deliver products that exceed the expectations of our customers.<\/p>                        <\/div>\n\n                    <\/div>\n\n                <\/div><!-- .elementskit-card END -->\n\n                                        <\/div>\n    <\/div>\t\t\t\t<\/div>\n\t\t\t\t<\/div>\n\t\t\t\t<\/div>\n\t\t\t\t\t<\/div>\n\t\t\t\t<\/div>\n\t\t<div class=\"elementor-element elementor-element-3a58988b e-flex e-con-boxed e-con e-parent\" data-id=\"3a58988b\" data-element_type=\"container\" data-e-type=\"container\">\n\t\t\t\t\t<div class=\"e-con-inner\">\n\t\t<div class=\"elementor-element elementor-element-4bffab4e e-con-full e-flex e-con e-child\" data-id=\"4bffab4e\" data-element_type=\"container\" data-e-type=\"container\" data-settings=\"{&quot;background_background&quot;:&quot;classic&quot;}\">\n\t\t\t\t<div class=\"elementor-element elementor-element-18ada609 elementor-invisible elementor-widget elementor-widget-heading\" data-id=\"18ada609\" data-element_type=\"widget\" data-e-type=\"widget\" data-settings=\"{&quot;_animation&quot;:&quot;fadeIn&quot;,&quot;_animation_delay&quot;:400}\" data-widget_type=\"heading.default\">\n\t\t\t\t<div class=\"elementor-widget-container\">\n\t\t\t\t\t<h3 class=\"elementor-heading-title elementor-size-default\">Take your brand to the next level<\/h3>\t\t\t\t<\/div>\n\t\t\t\t<\/div>\n\t\t\t\t<div class=\"elementor-element elementor-element-49d4294a elementor-invisible elementor-widget elementor-widget-text-editor\" data-id=\"49d4294a\" data-element_type=\"widget\" data-e-type=\"widget\" data-settings=\"{&quot;_animation&quot;:&quot;fadeIn&quot;,&quot;_animation_delay&quot;:500}\" data-widget_type=\"text-editor.default\">\n\t\t\t\t<div class=\"elementor-widget-container\">\n\t\t\t\t\t\t\t\t\t<p>Tell us about your project and see how we can help to realize your designs with quality and commitment.<\/p>\t\t\t\t\t\t\t\t<\/div>\n\t\t\t\t<\/div>\n\t\t\t\t<div class=\"elementor-element elementor-element-1d7a28d8 elementor-align-left elementor-mobile-align-center elementor-invisible elementor-widget elementor-widget-button\" data-id=\"1d7a28d8\" data-element_type=\"widget\" data-e-type=\"widget\" data-settings=\"{&quot;_animation&quot;:&quot;fadeIn&quot;,&quot;_animation_delay&quot;:600}\" data-widget_type=\"button.default\">\n\t\t\t\t<div class=\"elementor-widget-container\">\n\t\t\t\t\t\t\t\t\t<div class=\"elementor-button-wrapper\">\n\t\t\t\t\t<a class=\"elementor-button elementor-button-link elementor-size-sm elementor-animation-float\" href=\"https:\/\/dressteam.es\/en\/contacto\/\">\n\t\t\t\t\t\t<span class=\"elementor-button-content-wrapper\">\n\t\t\t\t\t\t\t\t\t<span class=\"elementor-button-text\">CONTACT<\/span>\n\t\t\t\t\t<\/span>\n\t\t\t\t\t<\/a>\n\t\t\t\t<\/div>\n\t\t\t\t\t\t\t\t<\/div>\n\t\t\t\t<\/div>\n\t\t\t\t<\/div>\n\t\t<div class=\"elementor-element elementor-element-3047781e elementor-hidden-mobile e-con-full e-flex e-con e-child\" data-id=\"3047781e\" data-element_type=\"container\" data-e-type=\"container\" data-settings=\"{&quot;background_background&quot;:&quot;classic&quot;}\">\n\t\t\t\t<\/div>\n\t\t\t\t\t<\/div>\n\t\t\t\t<\/div>\n\t\t\t\t<\/div>","protected":false},"excerpt":{"rendered":"<p>Nuestros Servicios De la idea a la confecci\u00f3n, con calidad y precisi\u00f3n. Nuestros servicios en confecci\u00f3n textil En DRESS TEAM SL, ofrecemos soluciones completas para marcas y dise\u00f1adores que buscan un proveedor confiable. Desde el desarrollo del dise\u00f1o hasta la producci\u00f3n final, garantizamos calidad, precisi\u00f3n y cumplimiento en cada prenda. Dise\u00f1o y desarrollo de patrones [&hellip;]<\/p>\n","protected":false},"author":7,"featured_media":139,"parent":0,"menu_order":0,"comment_status":"closed","ping_status":"closed","template":"elementor_header_footer","meta":{"footnotes":""},"class_list":["post-160","page","type-page","status-publish","has-post-thumbnail","hentry"],"_links":{"self":[{"href":"https:\/\/dressteam.es\/en\/wp-json\/wp\/v2\/pages\/160","targetHints":{"allow":["GET"]}}],"collection":[{"href":"https:\/\/dressteam.es\/en\/wp-json\/wp\/v2\/pages"}],"about":[{"href":"https:\/\/dressteam.es\/en\/wp-json\/wp\/v2\/types\/page"}],"author":[{"embeddable":true,"href":"https:\/\/dressteam.es\/en\/wp-json\/wp\/v2\/users\/7"}],"replies":[{"embeddable":true,"href":"https:\/\/dressteam.es\/en\/wp-json\/wp\/v2\/comments?post=160"}],"version-history":[{"count":8,"href":"https:\/\/dressteam.es\/en\/wp-json\/wp\/v2\/pages\/160\/revisions"}],"predecessor-version":[{"id":375,"href":"https:\/\/dressteam.es\/en\/wp-json\/wp\/v2\/pages\/160\/revisions\/375"}],"wp:featuredmedia":[{"embeddable":true,"href":"https:\/\/dressteam.es\/en\/wp-json\/wp\/v2\/media\/139"}],"wp:attachment":[{"href":"https:\/\/dressteam.es\/en\/wp-json\/wp\/v2\/media?parent=160"}],"curies":[{"name":"wp","href":"https:\/\/api.w.org\/{rel}","templated":true}]}}